{"id":574,"date":"2025-05-15T16:49:37","date_gmt":"2025-05-15T21:49:37","guid":{"rendered":"https:\/\/magdigitalagency.com\/?page_id=574"},"modified":"2025-05-16T09:08:56","modified_gmt":"2025-05-16T14:08:56","slug":"quienes-somos","status":"publish","type":"page","link":"https:\/\/magdigitalagency.com\/?page_id=574","title":{"rendered":"Quienes somos"},"content":{"rendered":"\t\t<div data-elementor-type=\"wp-page\" data-elementor-id=\"574\" class=\"elementor elementor-574\" data-elementor-post-type=\"page\">\n\t\t\t\t<div class=\"elementor-element elementor-element-1450efb e-flex e-con-boxed e-con e-parent\" data-id=\"1450efb\" data-element_type=\"container\" data-settings=\"{&quot;background_background&quot;:&quot;classic&quot;,&quot;ekit_has_onepagescroll_dot&quot;:&quot;yes&quot;}\">\n\t\t\t\t\t<div class=\"e-con-inner\">\n\t\t\t\t<div class=\"elementor-element elementor-element-2b8944a7 elementor-widget__width-inherit elementor-widget elementor-widget-heading\" data-id=\"2b8944a7\" data-element_type=\"widget\" data-settings=\"{&quot;ekit_we_effect_on&quot;:&quot;none&quot;}\" data-widget_type=\"heading.default\">\n\t\t\t\t<div class=\"elementor-widget-container\">\n\t\t\t\t\t<h1 class=\"elementor-heading-title elementor-size-default\">Quienes somos <\/h1>\t\t\t\t<\/div>\n\t\t\t\t<\/div>\n\t\t\t\t\t<\/div>\n\t\t\t\t<\/div>\n\t\t<div class=\"elementor-element elementor-element-299d198b e-flex e-con-boxed e-con e-parent\" data-id=\"299d198b\" data-element_type=\"container\" data-settings=\"{&quot;background_background&quot;:&quot;classic&quot;,&quot;ekit_has_onepagescroll_dot&quot;:&quot;yes&quot;}\">\n\t\t\t\t\t<div class=\"e-con-inner\">\n\t\t<div class=\"elementor-element elementor-element-67fbdc9 e-con-full e-flex e-con e-child\" data-id=\"67fbdc9\" data-element_type=\"container\" data-settings=\"{&quot;ekit_has_onepagescroll_dot&quot;:&quot;yes&quot;}\">\n\t\t\t\t<div class=\"elementor-element elementor-element-d5286b3 elementor-widget elementor-widget-image\" data-id=\"d5286b3\" data-element_type=\"widget\" data-settings=\"{&quot;ekit_we_effect_on&quot;:&quot;none&quot;}\" data-widget_type=\"image.default\">\n\t\t\t\t<div class=\"elementor-widget-container\">\n\t\t\t\t\t\t\t\t\t\t\t\t\t\t\t<img fetchpriority=\"high\" decoding=\"async\" width=\"1024\" height=\"683\" src=\"https:\/\/magdigitalagency.com\/wp-content\/uploads\/2025\/05\/colegas-concentrados-sentados-en-la-oficina-y-coworking-1024x683.jpg\" class=\"attachment-large size-large wp-image-591\" alt=\"\" srcset=\"https:\/\/magdigitalagency.com\/wp-content\/uploads\/2025\/05\/colegas-concentrados-sentados-en-la-oficina-y-coworking-1024x683.jpg 1024w, https:\/\/magdigitalagency.com\/wp-content\/uploads\/2025\/05\/colegas-concentrados-sentados-en-la-oficina-y-coworking-300x200.jpg 300w, https:\/\/magdigitalagency.com\/wp-content\/uploads\/2025\/05\/colegas-concentrados-sentados-en-la-oficina-y-coworking-768x512.jpg 768w, https:\/\/magdigitalagency.com\/wp-content\/uploads\/2025\/05\/colegas-concentrados-sentados-en-la-oficina-y-coworking-1536x1024.jpg 1536w, https:\/\/magdigitalagency.com\/wp-content\/uploads\/2025\/05\/colegas-concentrados-sentados-en-la-oficina-y-coworking-2048x1365.jpg 2048w\" sizes=\"(max-width: 1024px) 100vw, 1024px\" \/>\t\t\t\t\t\t\t\t\t\t\t\t\t\t\t<\/div>\n\t\t\t\t<\/div>\n\t\t\t\t<\/div>\n\t\t<div class=\"elementor-element elementor-element-62e229d8 e-con-full e-flex e-con e-child\" data-id=\"62e229d8\" data-element_type=\"container\" data-settings=\"{&quot;ekit_has_onepagescroll_dot&quot;:&quot;yes&quot;}\">\n\t\t\t\t<div class=\"elementor-element elementor-element-7ab2e163 elementor-widget elementor-widget-elementskit-heading\" data-id=\"7ab2e163\" data-element_type=\"widget\" data-settings=\"{&quot;ekit_we_effect_on&quot;:&quot;none&quot;}\" data-widget_type=\"elementskit-heading.default\">\n\t\t\t\t<div class=\"elementor-widget-container\">\n\t\t\t\t\t<div class=\"ekit-wid-con\" ><div class=\"ekit-heading elementskit-section-title-wraper text_left   ekit_heading_tablet-   ekit_heading_mobile-\"><h2 class=\"ekit-heading--title elementskit-section-title \">MISI\u00d3N<\/h2>\t\t\t\t<div class='ekit-heading__description'>\n\t\t\t\t\t<p>Mag Digital Agency es una Agencia de Mercadeo y publicidad que<strong>\u00a0integra en 360\u00ba<\/strong>\u00a0todos los elementos de la mercadotecnia, convirtiendo la informaci\u00f3n de mercadeo en creatividad, sensaciones y conexiones duraderas entre la marca y el cliente.<\/p>\n<p>Con un concepto de innovaci\u00f3n, profesionalismo y excelencia, nuestros resultados son el reflejo de un trabajo estrat\u00e9gico que busca exponer en plenitud, productos y servicios que crean y satisfacen necesidades.<\/p>\n\t\t\t\t<\/div>\n\t\t\t<\/div><\/div>\t\t\t\t<\/div>\n\t\t\t\t<\/div>\n\t\t\t\t<\/div>\n\t\t\t\t\t<\/div>\n\t\t\t\t<\/div>\n\t\t<div class=\"elementor-element elementor-element-e8ddb6c e-flex e-con-boxed e-con e-parent\" data-id=\"e8ddb6c\" data-element_type=\"container\" data-settings=\"{&quot;background_background&quot;:&quot;classic&quot;,&quot;ekit_has_onepagescroll_dot&quot;:&quot;yes&quot;}\">\n\t\t\t\t\t<div class=\"e-con-inner\">\n\t\t<div class=\"elementor-element elementor-element-fc021b6 e-con-full e-flex e-con e-child\" data-id=\"fc021b6\" data-element_type=\"container\" data-settings=\"{&quot;ekit_has_onepagescroll_dot&quot;:&quot;yes&quot;}\">\n\t\t\t\t<div class=\"elementor-element elementor-element-cae9642 elementor-widget elementor-widget-elementskit-heading\" data-id=\"cae9642\" data-element_type=\"widget\" data-settings=\"{&quot;ekit_we_effect_on&quot;:&quot;none&quot;}\" data-widget_type=\"elementskit-heading.default\">\n\t\t\t\t<div class=\"elementor-widget-container\">\n\t\t\t\t\t<div class=\"ekit-wid-con\" ><div class=\"ekit-heading elementskit-section-title-wraper text_left   ekit_heading_tablet-   ekit_heading_mobile-\"><h2 class=\"ekit-heading--title elementskit-section-title \">VISI\u00d3N<\/h2>\t\t\t\t<div class='ekit-heading__description'>\n\t\t\t\t\t<p><strong>Para el a\u00f1o 2028<\/strong> Mag Digital Acency ser\u00e1 la Agencia de Mercadeo y Publicidad Referente en la Costa Caribe Colombiana como la m\u00e1s innovadora, Incluyente y con un fuerte enfoque a los Resultados, gracias a las diferentes marcas que ha creado para atender mercados espec\u00edficos su cobertura alcanzar\u00e1 la prestaci\u00f3n de sus servicios desde Colombia a todo el continente Americano.Su compromiso Social y Ambiental le permite seguir creciendo de forma sustentable y en pro de las futuras Generaciones.<\/p>\n\t\t\t\t<\/div>\n\t\t\t<\/div><\/div>\t\t\t\t<\/div>\n\t\t\t\t<\/div>\n\t\t\t\t<\/div>\n\t\t<div class=\"elementor-element elementor-element-6c0c43b e-con-full e-flex e-con e-child\" data-id=\"6c0c43b\" data-element_type=\"container\" data-settings=\"{&quot;ekit_has_onepagescroll_dot&quot;:&quot;yes&quot;}\">\n\t\t\t\t<div class=\"elementor-element elementor-element-26bb494 elementor-widget elementor-widget-image\" data-id=\"26bb494\" data-element_type=\"widget\" data-settings=\"{&quot;ekit_we_effect_on&quot;:&quot;none&quot;}\" data-widget_type=\"image.default\">\n\t\t\t\t<div class=\"elementor-widget-container\">\n\t\t\t\t\t\t\t\t\t\t\t\t\t\t\t<img decoding=\"async\" width=\"1024\" height=\"735\" src=\"https:\/\/magdigitalagency.com\/wp-content\/uploads\/2025\/05\/concepto-de-proceso-de-aspiraciones-de-planificacion-de-mision-de-vision-1024x735.jpg\" class=\"attachment-large size-large wp-image-592\" alt=\"\" srcset=\"https:\/\/magdigitalagency.com\/wp-content\/uploads\/2025\/05\/concepto-de-proceso-de-aspiraciones-de-planificacion-de-mision-de-vision-1024x735.jpg 1024w, https:\/\/magdigitalagency.com\/wp-content\/uploads\/2025\/05\/concepto-de-proceso-de-aspiraciones-de-planificacion-de-mision-de-vision-300x215.jpg 300w, https:\/\/magdigitalagency.com\/wp-content\/uploads\/2025\/05\/concepto-de-proceso-de-aspiraciones-de-planificacion-de-mision-de-vision-768x551.jpg 768w, https:\/\/magdigitalagency.com\/wp-content\/uploads\/2025\/05\/concepto-de-proceso-de-aspiraciones-de-planificacion-de-mision-de-vision-1536x1102.jpg 1536w, https:\/\/magdigitalagency.com\/wp-content\/uploads\/2025\/05\/concepto-de-proceso-de-aspiraciones-de-planificacion-de-mision-de-vision-2048x1469.jpg 2048w\" sizes=\"(max-width: 1024px) 100vw, 1024px\" \/>\t\t\t\t\t\t\t\t\t\t\t\t\t\t\t<\/div>\n\t\t\t\t<\/div>\n\t\t\t\t<\/div>\n\t\t\t\t\t<\/div>\n\t\t\t\t<\/div>\n\t\t\t\t<\/div>\n\t\t","protected":false},"excerpt":{"rendered":"<p>Quienes somos MISI\u00d3N Mag Digital Agency es una Agencia de Mercadeo y publicidad que\u00a0integra en 360\u00ba\u00a0todos los elementos de la [&hellip;]<\/p>\n","protected":false},"author":1,"featured_media":0,"parent":0,"menu_order":0,"comment_status":"closed","ping_status":"closed","template":"","meta":{"site-sidebar-layout":"no-sidebar","site-content-layout":"","ast-site-content-layout":"full-width-container","site-content-style":"default","site-sidebar-style":"default","ast-global-header-display":"","ast-banner-title-visibility":"","ast-main-header-display":"","ast-hfb-above-header-display":"","ast-hfb-below-header-display":"","ast-hfb-mobile-header-display":"","site-post-title":"disabled","ast-breadcrumbs-content":"","ast-featured-img":"disabled","footer-sml-layout":"","theme-transparent-header-meta":"","adv-header-id-meta":"","stick-header-meta":"","header-above-stick-meta":"","header-main-stick-meta":"","header-below-stick-meta":"","astra-migrate-meta-layouts":"default","ast-page-background-enabled":"default","ast-page-background-meta":{"desktop":{"background-color":"var(--ast-global-color-5)","background-image":"","background-repeat":"repeat","background-position":"center center","background-size":"auto","background-attachment":"scroll","background-type":"","background-media":"","overlay-type":"","overlay-color":"","overlay-opacity":"","overlay-gradient":""},"tablet":{"background-color":"","background-image":"","background-repeat":"repeat","background-position":"center center","background-size":"auto","background-attachment":"scroll","background-type":"","background-media":"","overlay-type":"","overlay-color":"","overlay-opacity":"","overlay-gradient":""},"mobile":{"background-color":"","background-image":"","background-repeat":"repeat","background-position":"center center","background-size":"auto","background-attachment":"scroll","background-type":"","background-media":"","overlay-type":"","overlay-color":"","overlay-opacity":"","overlay-gradient":""}},"ast-content-background-meta":{"desktop":{"background-color":"var(--ast-global-color-4)","background-image":"","background-repeat":"repeat","background-position":"center center","background-size":"auto","background-attachment":"scroll","background-type":"","background-media":"","overlay-type":"","overlay-color":"","overlay-opacity":"","overlay-gradient":""},"tablet":{"background-color":"var(--ast-global-color-4)","background-image":"","background-repeat":"repeat","background-position":"center center","background-size":"auto","background-attachment":"scroll","background-type":"","background-media":"","overlay-type":"","overlay-color":"","overlay-opacity":"","overlay-gradient":""},"mobile":{"background-color":"var(--ast-global-color-4)","background-image":"","background-repeat":"repeat","background-position":"center center","background-size":"auto","background-attachment":"scroll","background-type":"","background-media":"","overlay-type":"","overlay-color":"","overlay-opacity":"","overlay-gradient":""}},"footnotes":""},"class_list":["post-574","page","type-page","status-publish","hentry"],"_links":{"self":[{"href":"https:\/\/magdigitalagency.com\/index.php?rest_route=\/wp\/v2\/pages\/574","targetHints":{"allow":["GET"]}}],"collection":[{"href":"https:\/\/magdigitalagency.com\/index.php?rest_route=\/wp\/v2\/pages"}],"about":[{"href":"https:\/\/magdigitalagency.com\/index.php?rest_route=\/wp\/v2\/types\/page"}],"author":[{"embeddable":true,"href":"https:\/\/magdigitalagency.com\/index.php?rest_route=\/wp\/v2\/users\/1"}],"replies":[{"embeddable":true,"href":"https:\/\/magdigitalagency.com\/index.php?rest_route=%2Fwp%2Fv2%2Fcomments&post=574"}],"version-history":[{"count":7,"href":"https:\/\/magdigitalagency.com\/index.php?rest_route=\/wp\/v2\/pages\/574\/revisions"}],"predecessor-version":[{"id":595,"href":"https:\/\/magdigitalagency.com\/index.php?rest_route=\/wp\/v2\/pages\/574\/revisions\/595"}],"wp:attachment":[{"href":"https:\/\/magdigitalagency.com\/index.php?rest_route=%2Fwp%2Fv2%2Fmedia&parent=574"}],"curies":[{"name":"wp","href":"https:\/\/api.w.org\/{rel}","templated":true}]}}